{"id":136,"date":"2018-03-04T13:09:37","date_gmt":"2018-03-04T13:09:37","guid":{"rendered":"http:\/\/vossge.fr\/?page_id=136"},"modified":"2018-03-04T14:13:10","modified_gmt":"2018-03-04T14:13:10","slug":"inicio","status":"publish","type":"page","link":"https:\/\/vossge.fr\/","title":{"rendered":"Inicio"},"content":{"rendered":"<p>[et_pb_section bb_built=\u00a0\u00bb1&Prime; fullwidth=\u00a0\u00bbon\u00a0\u00bb specialty=\u00a0\u00bboff\u00a0\u00bb next_background_color=\u00a0\u00bb#ffffff\u00a0\u00bb _builder_version=\u00a0\u00bb3.0.101&Prime; background_color=\u00a0\u00bb#252a33&Prime;][et_pb_fullwidth_image _builder_version=\u00a0\u00bb3.0.101&Prime; src=\u00a0\u00bbhttp:\/\/vossge.fr\/wp-content\/uploads\/2018\/03\/vossge-small.png\u00a0\u00bb show_in_lightbox=\u00a0\u00bboff\u00a0\u00bb url_new_window=\u00a0\u00bboff\u00a0\u00bb use_overlay=\u00a0\u00bboff\u00a0\u00bb module_alignment=\u00a0\u00bbcenter\u00a0\u00bb max_width=\u00a0\u00bb35%\u00a0\u00bb url=\u00a0\u00bbhttp:\/\/vossge.fr\u00a0\u00bb \/][\/et_pb_section][et_pb_section bb_built=\u00a0\u00bb1&Prime; admin_label=\u00a0\u00bbOur Story Section\u00a0\u00bb _builder_version=\u00a0\u00bb3.0.72&Prime; custom_padding=\u00a0\u00bb120px||100px|\u00a0\u00bb next_background_color=\u00a0\u00bb#252a33&Prime; prev_background_color=\u00a0\u00bb#252a33&Prime;][et_pb_row admin_label=\u00a0\u00bbOur Story\u00a0\u00bb _builder_version=\u00a0\u00bb3.0.101&Prime; background_size=\u00a0\u00bbinitial\u00a0\u00bb background_position=\u00a0\u00bbtop_left\u00a0\u00bb background_repeat=\u00a0\u00bbrepeat\u00a0\u00bb][et_pb_column type=\u00a0\u00bb1_2&Prime;][et_pb_text admin_label=\u00a0\u00bbTitle\u00a0\u00bb _builder_version=\u00a0\u00bb3.0.101&Prime; text_font=\u00a0\u00bbAthene||||||||\u00a0\u00bb header_font=\u00a0\u00bbAthene||||||||\u00a0\u00bb header_text_align=\u00a0\u00bbleft\u00a0\u00bb header_font_size_phone=\u00a0\u00bb25px\u00a0\u00bb header_font_size_last_edited=\u00a0\u00bbon|desktop\u00a0\u00bb header_line_height=\u00a0\u00bb1.3em\u00a0\u00bb background_size=\u00a0\u00bbinitial\u00a0\u00bb background_position=\u00a0\u00bbtop_left\u00a0\u00bb background_repeat=\u00a0\u00bbrepeat\u00a0\u00bb text_orientation=\u00a0\u00bbcenter\u00a0\u00bb module_alignment=\u00a0\u00bbcenter\u00a0\u00bb animation_style=\u00a0\u00bbslide\u00a0\u00bb animation_direction=\u00a0\u00bbbottom\u00a0\u00bb animation_intensity_slide=\u00a0\u00bb10%\u00a0\u00bb background_layout=\u00a0\u00bblight\u00a0\u00bb text_font_size=\u00a0\u00bb5px\u00a0\u00bb header_font_size=\u00a0\u00bb35px\u00a0\u00bb]<\/p>\n<h1 style=\"text-align: center;\">d\u00e9couvrir l&rsquo;univers vossg\u00eb<\/h1>\n<p>[\/et_pb_text][et_pb_text _builder_version=\u00a0\u00bb3.0.101&Prime; text_font=\u00a0\u00bbOpen Sans||||||||\u00a0\u00bb text_font_size=\u00a0\u00bb24px\u00a0\u00bb text_text_color=\u00a0\u00bb#fbd584&Prime; text_line_height=\u00a0\u00bb1.8em\u00a0\u00bb background_size=\u00a0\u00bbinitial\u00a0\u00bb background_position=\u00a0\u00bbtop_left\u00a0\u00bb background_repeat=\u00a0\u00bbrepeat\u00a0\u00bb custom_padding=\u00a0\u00bb|||\u00a0\u00bb animation_style=\u00a0\u00bbslide\u00a0\u00bb animation_direction=\u00a0\u00bbbottom\u00a0\u00bb animation_delay=\u00a0\u00bb50ms\u00a0\u00bb animation_intensity_slide=\u00a0\u00bb10%\u00a0\u00bb background_layout=\u00a0\u00bblight\u00a0\u00bb]<\/p>\n<p>Soin de luxe de Paris. Obtenez une touche glamour pour votre routine beaut\u00e9 avec les derni\u00e8res tendances parisiennes.<\/p>\n<p>[\/et_pb_text][\/et_pb_column][et_pb_column type=\u00a0\u00bb1_2&Prime;][et_pb_text _builder_version=\u00a0\u00bb3.0.101&Prime; text_font=\u00a0\u00bbOpen Sans||||||||\u00a0\u00bb text_font_size=\u00a0\u00bb17px\u00a0\u00bb text_text_color=\u00a0\u00bbrgba(68,66,53,0.8)\u00a0\u00bb text_line_height=\u00a0\u00bb1.9em\u00a0\u00bb background_size=\u00a0\u00bbinitial\u00a0\u00bb background_position=\u00a0\u00bbtop_left\u00a0\u00bb background_repeat=\u00a0\u00bbrepeat\u00a0\u00bb custom_padding=\u00a0\u00bb|||\u00a0\u00bb animation_style=\u00a0\u00bbslide\u00a0\u00bb animation_direction=\u00a0\u00bbbottom\u00a0\u00bb animation_delay=\u00a0\u00bb100ms\u00a0\u00bb animation_intensity_slide=\u00a0\u00bb5%\u00a0\u00bb background_layout=\u00a0\u00bblight\u00a0\u00bb header_text_color=\u00a0\u00bb#252a33&Prime;]<\/p>\n<p>vossg\u00eb est une ligne de produits cosm\u00e9tiques inspir\u00e9e de la mythique Place des Vosges \u00e0 Paris.<\/p>\n<p>Nous combinons des techniques artisanales et des technologies complexes pour d\u00e9velopper notre gamme de produits de beaut\u00e9, en utilisant des ingr\u00e9dients soigneusement s\u00e9lectionn\u00e9s pour adapter nos produits cosm\u00e9tiques \u00e0 tous les types de peaux et de besoins.<\/p>\n<p>[\/et_pb_text][\/et_pb_column][\/et_pb_row][et_pb_row][et_pb_column type=\u00a0\u00bb4_4&Prime;][et_pb_button _builder_version=\u00a0\u00bb3.0.101&Prime; button_text=\u00a0\u00bbentrer en contact\u00a0\u00bb url_new_window=\u00a0\u00bboff\u00a0\u00bb button_alignment=\u00a0\u00bbcenter\u00a0\u00bb background_layout=\u00a0\u00bblight\u00a0\u00bb custom_button=\u00a0\u00bbon\u00a0\u00bb button_icon_placement=\u00a0\u00bbright\u00a0\u00bb button_text_color=\u00a0\u00bb#fbd584&Prime; button_bg_color=\u00a0\u00bb#252a33&Prime; button_url=\u00a0\u00bbhttp:\/\/vossge.fr\/contact\u00a0\u00bb \/][\/et_pb_column][\/et_pb_row][\/et_pb_section][et_pb_section bb_built=\u00a0\u00bb1&Prime; admin_label=\u00a0\u00bbCountdown Section\u00a0\u00bb background_color=\u00a0\u00bb#252a33&Prime; _builder_version=\u00a0\u00bb3.0.101&Prime; custom_padding=\u00a0\u00bb120px||100px|\u00a0\u00bb animation_style=\u00a0\u00bbzoom\u00a0\u00bb animation_direction=\u00a0\u00bbbottom\u00a0\u00bb animation_intensity_zoom=\u00a0\u00bb4%\u00a0\u00bb prev_background_color=\u00a0\u00bb#ffffff\u00a0\u00bb][et_pb_row admin_label=\u00a0\u00bbCountdown\u00a0\u00bb _builder_version=\u00a0\u00bb3.0.72&Prime; background_size=\u00a0\u00bbinitial\u00a0\u00bb background_position=\u00a0\u00bbtop_left\u00a0\u00bb background_repeat=\u00a0\u00bbrepeat\u00a0\u00bb][et_pb_column type=\u00a0\u00bb4_4&Prime;][et_pb_text admin_label=\u00a0\u00bbTitle\u00a0\u00bb _builder_version=\u00a0\u00bb3.0.101&Prime; text_font=\u00a0\u00bb||||\u00a0\u00bb text_text_color=\u00a0\u00bb#fbd584&Prime; header_font=\u00a0\u00bbOpen Sans||||||||\u00a0\u00bb header_text_align=\u00a0\u00bbcenter\u00a0\u00bb header_font_size=\u00a0\u00bb60px\u00a0\u00bb header_font_size_phone=\u00a0\u00bb44px\u00a0\u00bb header_font_size_last_edited=\u00a0\u00bbon|phone\u00a0\u00bb header_text_color=\u00a0\u00bb#fbd584&Prime; header_line_height=\u00a0\u00bb1.3em\u00a0\u00bb background_size=\u00a0\u00bbinitial\u00a0\u00bb background_position=\u00a0\u00bbtop_left\u00a0\u00bb background_repeat=\u00a0\u00bbrepeat\u00a0\u00bb text_orientation=\u00a0\u00bbcenter\u00a0\u00bb module_alignment=\u00a0\u00bbcenter\u00a0\u00bb background_layout=\u00a0\u00bblight\u00a0\u00bb]<\/p>\n<h1>Arrive bient\u00f4t<\/h1>\n<p>[\/et_pb_text][et_pb_text admin_label=\u00a0\u00bbSubtitle\u00a0\u00bb _builder_version=\u00a0\u00bb3.0.101&Prime; text_font=\u00a0\u00bbOpen Sans||||\u00a0\u00bb text_font_size=\u00a0\u00bb17px\u00a0\u00bb text_text_color=\u00a0\u00bb#fbd584&Prime; text_line_height=\u00a0\u00bb1.9em\u00a0\u00bb background_size=\u00a0\u00bbinitial\u00a0\u00bb background_position=\u00a0\u00bbtop_left\u00a0\u00bb background_repeat=\u00a0\u00bbrepeat\u00a0\u00bb text_orientation=\u00a0\u00bbcenter\u00a0\u00bb max_width=\u00a0\u00bb800px\u00a0\u00bb module_alignment=\u00a0\u00bbcenter\u00a0\u00bb custom_margin=\u00a0\u00bb|||\u00a0\u00bb custom_padding=\u00a0\u00bb|||\u00a0\u00bb animation_style=\u00a0\u00bbslide\u00a0\u00bb animation_direction=\u00a0\u00bbbottom\u00a0\u00bb animation_delay=\u00a0\u00bb50ms\u00a0\u00bb animation_intensity_slide=\u00a0\u00bb10%\u00a0\u00bb background_layout=\u00a0\u00bblight\u00a0\u00bb]<\/p>\n<p>Cr\u00e9er de la beaut\u00e9 pour vous&#8230;<\/p>\n<p>[\/et_pb_text][\/et_pb_column][\/et_pb_row][et_pb_row admin_label=\u00a0\u00bbCountdown\u00a0\u00bb custom_margin=\u00a0\u00bb50px|||\u00a0\u00bb _builder_version=\u00a0\u00bb3.0.101&Prime; background_size=\u00a0\u00bbinitial\u00a0\u00bb background_position=\u00a0\u00bbtop_left\u00a0\u00bb background_repeat=\u00a0\u00bbrepeat\u00a0\u00bb background_color=\u00a0\u00bb#252a33&Prime;][et_pb_column type=\u00a0\u00bb4_4&Prime;][et_pb_countdown_timer date_time=\u00a0\u00bb05\/31\/2018 00:00&Prime; use_background_color=\u00a0\u00bboff\u00a0\u00bb _builder_version=\u00a0\u00bb3.0.101&Prime; header_font_size_last_edited=\u00a0\u00bboff|desktop\u00a0\u00bb numbers_font=\u00a0\u00bbComfortaa||||\u00a0\u00bb numbers_font_size=\u00a0\u00bb74px\u00a0\u00bb numbers_font_size_tablet=\u00a0\u00bb46px\u00a0\u00bb numbers_font_size_phone=\u00a0\u00bb30px\u00a0\u00bb numbers_font_size_last_edited=\u00a0\u00bbon|tablet\u00a0\u00bb numbers_text_color=\u00a0\u00bb#fbd584&Prime; label_font=\u00a0\u00bbComfortaa|on|||\u00a0\u00bb label_font_size=\u00a0\u00bb18px\u00a0\u00bb label_font_size_tablet=\u00a0\u00bb14px\u00a0\u00bb label_font_size_phone=\u00a0\u00bb10px\u00a0\u00bb label_font_size_last_edited=\u00a0\u00bbon|phone\u00a0\u00bb label_text_color=\u00a0\u00bb#444235&Prime; label_line_height=\u00a0\u00bb60px\u00a0\u00bb background_size=\u00a0\u00bbinitial\u00a0\u00bb background_position=\u00a0\u00bbtop_left\u00a0\u00bb background_repeat=\u00a0\u00bbrepeat\u00a0\u00bb custom_padding=\u00a0\u00bb|0px||0px\u00a0\u00bb animation_style=\u00a0\u00bbflip\u00a0\u00bb animation_direction=\u00a0\u00bbright\u00a0\u00bb animation_duration=\u00a0\u00bb1450ms\u00a0\u00bb animation_intensity_flip=\u00a0\u00bb20%\u00a0\u00bb background_layout=\u00a0\u00bblight\u00a0\u00bb header_text_color=\u00a0\u00bb#fbd584&Prime; \/][\/et_pb_column][\/et_pb_row][\/et_pb_section]<\/p>\n","protected":false},"excerpt":{"rendered":"<p>d\u00e9couvrir l&rsquo;univers vossg\u00eb Soin de luxe de Paris. Obtenez une touche glamour pour votre routine beaut\u00e9 avec les derni\u00e8res tendances parisiennes. vossg\u00eb est une ligne de produits cosm\u00e9tiques inspir\u00e9e de la mythique Place des Vosges \u00e0 Paris. Nous combinons des techniques artisanales et des technologies complexes pour d\u00e9velopper notre gamme de produits de beaut\u00e9, en [&hellip;]<\/p>\n","protected":false},"author":1,"featured_media":0,"parent":0,"menu_order":0,"comment_status":"closed","ping_status":"closed","template":"page-template-blank.php","meta":{"_et_pb_use_builder":"on","_et_pb_old_content":"","_et_gb_content_width":"","footnotes":""},"class_list":["post-136","page","type-page","status-publish","hentry"],"_links":{"self":[{"href":"https:\/\/vossge.fr\/index.php?rest_route=\/wp\/v2\/pages\/136","targetHints":{"allow":["GET"]}}],"collection":[{"href":"https:\/\/vossge.fr\/index.php?rest_route=\/wp\/v2\/pages"}],"about":[{"href":"https:\/\/vossge.fr\/index.php?rest_route=\/wp\/v2\/types\/page"}],"author":[{"embeddable":true,"href":"https:\/\/vossge.fr\/index.php?rest_route=\/wp\/v2\/users\/1"}],"replies":[{"embeddable":true,"href":"https:\/\/vossge.fr\/index.php?rest_route=%2Fwp%2Fv2%2Fcomments&post=136"}],"version-history":[{"count":4,"href":"https:\/\/vossge.fr\/index.php?rest_route=\/wp\/v2\/pages\/136\/revisions"}],"predecessor-version":[{"id":152,"href":"https:\/\/vossge.fr\/index.php?rest_route=\/wp\/v2\/pages\/136\/revisions\/152"}],"wp:attachment":[{"href":"https:\/\/vossge.fr\/index.php?rest_route=%2Fwp%2Fv2%2Fmedia&parent=136"}],"curies":[{"name":"wp","href":"https:\/\/api.w.org\/{rel}","templated":true}]}}